{"id":13,"date":"2018-08-07T14:00:59","date_gmt":"2018-08-07T12:00:59","guid":{"rendered":"http:\/\/wordpress.p468411.webspaceconfig.de\/en\/?page_id=13"},"modified":"2024-07-11T11:46:40","modified_gmt":"2024-07-11T09:46:40","slug":"home","status":"publish","type":"page","link":"https:\/\/stage.pa-habenicht.de\/en\/","title":{"rendered":"Home"},"content":{"rendered":"<p>[et_pb_section fb_built=&#8221;1&#8243; fullwidth=&#8221;on&#8221; _builder_version=&#8221;4.16&#8243; global_colors_info=&#8221;{}&#8221;][et_pb_fullwidth_image src=&#8221;https:\/\/stage.pa-habenicht.de\/en\/wp-content\/uploads\/sites\/2\/2024\/07\/2024_Header_Startseite_en.jpg&#8221; _builder_version=&#8221;4.26.0&#8243; hover_enabled=&#8221;0&#8243; global_colors_info=&#8221;{}&#8221; title_text=&#8221;2024_Header_Startseite_en&#8221; sticky_enabled=&#8221;0&#8243;][\/et_pb_fullwidth_image][\/et_pb_section][et_pb_section fb_built=&#8221;1&#8243; _builder_version=&#8221;4.16&#8243; background_color=&#8221;#375159&#8243; global_colors_info=&#8221;{}&#8221;][et_pb_row custom_padding_last_edited=&#8221;on|desktop&#8221; _builder_version=&#8221;4.16&#8243; custom_padding=&#8221;10px|10px|10px|10px&#8221; custom_padding_tablet=&#8221;0px|0px|0px|0px&#8221; custom_padding_phone=&#8221;&#8221; global_colors_info=&#8221;{}&#8221;][et_pb_column type=&#8221;4_4&#8243; _builder_version=&#8221;4.16&#8243; custom_padding=&#8221;|||&#8221; global_colors_info=&#8221;{}&#8221; custom_padding__hover=&#8221;|||&#8221;][et_pb_text admin_label=&#8221;Text &#8211; Slogan&#8221; _builder_version=&#8221;4.16&#8243; header_2_font=&#8221;Times New Roman||on||||||&#8221; header_2_text_color=&#8221;#ffffff&#8221; header_2_font_size=&#8221;50px&#8221; header_2_line_height=&#8221;1.8em&#8221; custom_padding=&#8221;0px|||&#8221; custom_padding_tablet=&#8221;&#8221; custom_padding_phone=&#8221;10px|||&#8221; custom_padding_last_edited=&#8221;on|phone&#8221; header_2_font_size_tablet=&#8221;40px&#8221; header_2_font_size_phone=&#8221;23px&#8221; header_2_font_size_last_edited=&#8221;on|phone&#8221; header_2_line_height_tablet=&#8221;1.2em&#8221; header_2_line_height_phone=&#8221;&#8221; header_2_line_height_last_edited=&#8221;on|phone&#8221; saved_tabs=&#8221;all&#8221; global_colors_info=&#8221;{}&#8221;]<\/p>\n<h2>Innovation is our business<\/h2>\n<p>[\/et_pb_text][\/et_pb_column][\/et_pb_row][\/et_pb_section][et_pb_section fb_built=&#8221;1&#8243; _builder_version=&#8221;4.16&#8243; background_color=&#8221;rgba(183,196,204,0.57)&#8221; global_colors_info=&#8221;{}&#8221;][et_pb_row _builder_version=&#8221;4.16&#8243; global_colors_info=&#8221;{}&#8221;][et_pb_column type=&#8221;4_4&#8243; _builder_version=&#8221;4.16&#8243; custom_padding=&#8221;|||&#8221; global_colors_info=&#8221;{}&#8221; custom_padding__hover=&#8221;|||&#8221;][et_pb_text admin_label=&#8221;Text &#8211; La protection&#8221; _builder_version=&#8221;4.16&#8243; header_2_font=&#8221;||on||||||&#8221; header_2_text_color=&#8221;#375159&#8243; header_2_font_size=&#8221;28px&#8221; header_2_line_height=&#8221;1.5em&#8221; custom_padding=&#8221;50px||50px|&#8221; custom_padding_tablet=&#8221;0px||0px|&#8221; custom_padding_phone=&#8221;&#8221; custom_padding_last_edited=&#8221;on|phone&#8221; header_2_font_size_tablet=&#8221;24px&#8221; header_2_font_size_phone=&#8221;20px&#8221; header_2_font_size_last_edited=&#8221;on|tablet&#8221; global_colors_info=&#8221;{}&#8221;]<\/p>\n<h2>\u201eLa protection de la propri\u00e9t\u00e9 industrielle a pour objet les brevets d\u2019invention, les mod\u00e8les d\u2019utilit\u00e9, les dessins ou mod\u00e8les industriels, les marques de fabrique ou de commerce, les marques de service, le nom commercial et les indications de provenance ou appellations d\u2019origine, ainsi que la r\u00e9pression de la concurrence d\u00e9loyale.\u201c<br \/>\nArt. 1 Convention de Paris<\/h2>\n<p>[\/et_pb_text][\/et_pb_column][\/et_pb_row][\/et_pb_section][et_pb_section fb_built=&#8221;1&#8243; custom_padding_last_edited=&#8221;on|tablet&#8221; disabled_on=&#8221;on|on|on&#8221; _builder_version=&#8221;4.16&#8243; background_color=&#8221;#ffffff&#8221; custom_padding=&#8221;||180px|&#8221; custom_padding_tablet=&#8221;||100px|&#8221; custom_padding_phone=&#8221;&#8221; disabled=&#8221;on&#8221; global_colors_info=&#8221;{}&#8221;][et_pb_row column_structure=&#8221;2_3,1_3&#8243; _builder_version=&#8221;4.16&#8243; background_size=&#8221;initial&#8221; background_position=&#8221;top_left&#8221; background_repeat=&#8221;repeat&#8221; global_colors_info=&#8221;{}&#8221;][et_pb_column type=&#8221;2_3&#8243; _builder_version=&#8221;4.16&#8243; custom_padding=&#8221;|||&#8221; global_colors_info=&#8221;{}&#8221; custom_padding__hover=&#8221;|||&#8221;][et_pb_text _builder_version=&#8221;4.16&#8243; text_font_size=&#8221;16px&#8221; text_line_height=&#8221;1.5em&#8221; ul_font=&#8221;|300|||||||&#8221; ul_line_height=&#8221;1.8em&#8221; header_4_font_size=&#8221;16px&#8221; header_4_letter_spacing=&#8221;1px&#8221; custom_padding=&#8221;20px||0px|&#8221; global_colors_info=&#8221;{}&#8221;]Wirtschaftlicher Erfolg setzt st\u00e4ndige Innovation voraus. Innovationen m\u00fcssen durch gewerbliche Schutzrechte gesch\u00fctzt werden, um sie gegen Nachahmung zu sichern und um sie wirtschaftlich erfolgreich verwerten zu k\u00f6nnen. Die steigende Zahl von Patent- und Markenanmeldungen weltweit zeigt die zunehmende Bedeutung von gewerblichen Schutzrechten in der Wirtschaft.<\/p>\n<p>Als Patentanwalt mit Sitz in M\u00fcnchen und Minden\/Westf. setze ich mich f\u00fcr den Schutz der Neuentwicklungen meiner Mandanten ein \u2013 vor Ort in engem Kontakt mit den Mandanten und vor den deutschen und europ\u00e4ischen Institutionen des gewerblichen Rechtsschutzes: Deutsches Patent- und Markenamt, Europ\u00e4isches Patentamt, aber auch Amt der Europ\u00e4ischen Union f\u00fcr geistiges Eigentum in Alicante, Spanien, das ausschlie\u00dflich f\u00fcr Marken und Design-Muster zust\u00e4ndig ist.<br \/>\n[\/et_pb_text][\/et_pb_column][et_pb_column type=&#8221;1_3&#8243; _builder_version=&#8221;4.16&#8243; custom_padding=&#8221;|||&#8221; global_colors_info=&#8221;{}&#8221; custom_padding__hover=&#8221;|||&#8221;][et_pb_image src=&#8221;http:\/\/wordpress.p468411.webspaceconfig.de\/en\/wp-content\/uploads\/sites\/2\/2018\/08\/Standort_MUC.jpg&#8221; align_tablet=&#8221;center&#8221; align_phone=&#8221;center&#8221; align_last_edited=&#8221;on|desktop&#8221; _builder_version=&#8221;4.16&#8243; custom_padding=&#8221;25px|||&#8221; global_colors_info=&#8221;{}&#8221;][\/et_pb_image][et_pb_image src=&#8221;http:\/\/wordpress.p468411.webspaceconfig.de\/en\/wp-content\/uploads\/sites\/2\/2018\/08\/Standort_MI.jpg&#8221; align_tablet=&#8221;center&#8221; align_phone=&#8221;center&#8221; align_last_edited=&#8221;on|desktop&#8221; _builder_version=&#8221;4.16&#8243; global_colors_info=&#8221;{}&#8221;][\/et_pb_image][\/et_pb_column][\/et_pb_row][\/et_pb_section][et_pb_section fb_built=&#8221;1&#8243; custom_padding_last_edited=&#8221;on|desktop&#8221; _builder_version=&#8221;4.16&#8243; background_color=&#8221;#ffffff&#8221; custom_padding=&#8221;||20px|&#8221; custom_padding_tablet=&#8221;||100px|&#8221; custom_padding_phone=&#8221;&#8221; global_colors_info=&#8221;{}&#8221;][et_pb_row column_structure=&#8221;1_2,1_2&#8243; _builder_version=&#8221;4.16&#8243; background_size=&#8221;initial&#8221; background_position=&#8221;top_left&#8221; background_repeat=&#8221;repeat&#8221; global_colors_info=&#8221;{}&#8221;][et_pb_column type=&#8221;1_2&#8243; _builder_version=&#8221;4.16&#8243; custom_padding=&#8221;|||&#8221; global_colors_info=&#8221;{}&#8221; custom_padding__hover=&#8221;|||&#8221;][et_pb_text _builder_version=&#8221;4.16&#8243; text_font_size=&#8221;16px&#8221; text_line_height=&#8221;1.5em&#8221; ul_font=&#8221;|300|||||||&#8221; ul_line_height=&#8221;1.8em&#8221; header_4_font_size=&#8221;16px&#8221; header_4_letter_spacing=&#8221;1px&#8221; custom_padding=&#8221;20px||0px|&#8221; global_colors_info=&#8221;{}&#8221;]Economic success requires persistent work on innovations. Innovations must be protected by registered IP rights against copying and forgery in order to exploit them economically. The increasing number of applications for registered IP rights worldwide reflects the augmenting importance of IP portfolios in the economy.<br \/>\n[\/et_pb_text][\/et_pb_column][et_pb_column type=&#8221;1_2&#8243; _builder_version=&#8221;4.16&#8243; custom_padding=&#8221;|||&#8221; global_colors_info=&#8221;{}&#8221; custom_padding__hover=&#8221;|||&#8221;][et_pb_text _builder_version=&#8221;4.16&#8243; text_font_size=&#8221;16px&#8221; text_line_height=&#8221;1.5em&#8221; ul_font=&#8221;|300|||||||&#8221; ul_line_height=&#8221;1.8em&#8221; header_4_font_size=&#8221;16px&#8221; header_4_letter_spacing=&#8221;1px&#8221; custom_padding=&#8221;20px||0px|&#8221; global_colors_info=&#8221;{}&#8221;]<\/p>\n<p>As a patent attorney seated in Porta Westfalica &#8211; Barkhausen I act before the German and European Authorities of intellectual property rights, namely the German Patent Office, the European Patent Office, but also before the European Office for Intellectual Property in Alicante, Spain, which is exclusively in charge of the non-technical intellectual property rights.<\/p>\n<p>[\/et_pb_text][\/et_pb_column][\/et_pb_row][\/et_pb_section][et_pb_section fb_built=&#8221;1&#8243; custom_padding_last_edited=&#8221;on|tablet&#8221; disabled_on=&#8221;on|on|on&#8221; _builder_version=&#8221;4.16&#8243; background_color=&#8221;#ffffff&#8221; custom_padding=&#8221;||180px|&#8221; custom_padding_tablet=&#8221;||100px|&#8221; custom_padding_phone=&#8221;&#8221; disabled=&#8221;on&#8221; locked=&#8221;off&#8221; global_colors_info=&#8221;{}&#8221;][et_pb_row column_structure=&#8221;2_3,1_3&#8243; _builder_version=&#8221;4.16&#8243; background_size=&#8221;initial&#8221; background_position=&#8221;top_left&#8221; background_repeat=&#8221;repeat&#8221; global_colors_info=&#8221;{}&#8221;][et_pb_column type=&#8221;2_3&#8243; _builder_version=&#8221;4.16&#8243; custom_padding=&#8221;|||&#8221; global_colors_info=&#8221;{}&#8221; custom_padding__hover=&#8221;|||&#8221;][et_pb_text _builder_version=&#8221;4.16&#8243; text_font_size=&#8221;16px&#8221; text_line_height=&#8221;1.5em&#8221; ul_font=&#8221;|300|||||||&#8221; ul_line_height=&#8221;1.8em&#8221; header_4_font_size=&#8221;16px&#8221; header_4_letter_spacing=&#8221;1px&#8221; custom_padding=&#8221;20px||0px|&#8221; global_colors_info=&#8221;{}&#8221;]<\/p>\n<h6><strong>Kompakt\u00fcbersicht Leistungsportfolio<\/strong><\/h6>\n<ul>\n<li>Anmeldung von Patenten, Marken, Gebrauchs- und Geschmacksmustern<\/li>\n<li>Recherche nach bestehenden Schutzrechten<\/li>\n<li>Durchsetzung und Verteidigung von Schutzrechten<\/li>\n<li>Abwehr von Verletzungsklagen<\/li>\n<li>Ausarbeitung von Geheimhaltungs- und Lizenzvertr\u00e4gen<\/li>\n<li>Arbeitnehmer-Erfindungen<\/li>\n<li>Vermarktung von Schutzrechten<\/li>\n<li>Kooperation mit internationalen Kanzleien in USA, Japan, Korea, China, Russland u.a.<\/li>\n<li>Betreuung von Schutzrecht-Portfolios u.a.m.<\/li>\n<\/ul>\n<p><strong>Wir vertreten Ihre Interessen und Anliegen vor allen Institutionen<\/strong> <strong>des gewerblichen Rechtsschutzes in M\u00fcnchen und in Europa.<\/strong><br \/>\n[\/et_pb_text][et_pb_image src=&#8221;http:\/\/wordpress.p468411.webspaceconfig.de\/en\/wp-content\/uploads\/sites\/2\/2018\/08\/Standorte-1.jpg&#8221; align_tablet=&#8221;center&#8221; align_phone=&#8221;center&#8221; align_last_edited=&#8221;on|desktop&#8221; _builder_version=&#8221;4.16&#8243; global_colors_info=&#8221;{}&#8221;][\/et_pb_image][\/et_pb_column][et_pb_column type=&#8221;1_3&#8243; _builder_version=&#8221;4.16&#8243; custom_padding=&#8221;|||&#8221; global_colors_info=&#8221;{}&#8221; custom_padding__hover=&#8221;|||&#8221;][et_pb_text _builder_version=&#8221;4.16&#8243; text_font_size=&#8221;18px&#8221; text_line_height=&#8221;1.6em&#8221; header_4_font_size=&#8221;16px&#8221; header_4_letter_spacing=&#8221;1px&#8221; background_color=&#8221;#375159&#8243; background_layout=&#8221;dark&#8221; custom_margin=&#8221;20px||0px|&#8221; custom_padding=&#8221;25px||0px|10px&#8221; border_style_all=&#8221;none&#8221; global_colors_info=&#8221;{}&#8221;]<\/p>\n<h4><strong>Spezialgebiete des gewerblichen Rechtsschutzes<\/strong><\/h4>\n<p>[\/et_pb_text][et_pb_text _builder_version=&#8221;4.16&#8243; text_font_size=&#8221;16px&#8221; text_line_height=&#8221;1.6em&#8221; header_4_font_size=&#8221;16px&#8221; header_4_letter_spacing=&#8221;1px&#8221; background_color=&#8221;#375159&#8243; background_layout=&#8221;dark&#8221; custom_padding=&#8221;0px||0px|10px&#8221; border_style_all=&#8221;none&#8221; global_colors_info=&#8221;{}&#8221;]<\/p>\n<ul>\n<li>\n<h4>Software-Schutz<\/h4>\n<\/li>\n<li>\n<h4>Domain-Namen<\/h4>\n<\/li>\n<li>\n<h4>Lizenz- und Know-How-Vertr\u00e4ge<\/h4>\n<\/li>\n<\/ul>\n<p>[\/et_pb_text][et_pb_text _builder_version=&#8221;4.16&#8243; text_font_size=&#8221;18px&#8221; text_line_height=&#8221;1.6em&#8221; header_4_font_size=&#8221;16px&#8221; header_4_letter_spacing=&#8221;1px&#8221; background_color=&#8221;#375159&#8243; background_layout=&#8221;dark&#8221; custom_margin=&#8221;||0px|&#8221; custom_padding=&#8221;20px||0px|10px&#8221; border_style_all=&#8221;none&#8221; global_colors_info=&#8221;{}&#8221;]<\/p>\n<h4><strong>technische Spezialgebiete<\/strong><\/h4>\n<p>[\/et_pb_text][et_pb_text _builder_version=&#8221;4.16&#8243; text_font_size=&#8221;16px&#8221; text_line_height=&#8221;1.6em&#8221; header_4_font_size=&#8221;16px&#8221; header_4_letter_spacing=&#8221;1px&#8221; background_color=&#8221;#375159&#8243; background_layout=&#8221;dark&#8221; custom_padding=&#8221;0px||0px|10px&#8221; border_style_all=&#8221;none&#8221; global_colors_info=&#8221;{}&#8221;]<\/p>\n<ul>\n<li>\n<h4>Elektrotechnik<\/h4>\n<\/li>\n<li>\n<h4>Informations- und Kommunikationstechnik<\/h4>\n<\/li>\n<li>\n<h4>Laser und Optik<\/h4>\n<\/li>\n<li>\n<h4>Physikalische Technologie<\/h4>\n<\/li>\n<li>\n<h4>Nanotechnologie<\/h4>\n<\/li>\n<\/ul>\n<p>[\/et_pb_text][et_pb_text _builder_version=&#8221;4.16&#8243; text_font_size=&#8221;18px&#8221; text_line_height=&#8221;1.6em&#8221; header_4_font_size=&#8221;16px&#8221; header_4_letter_spacing=&#8221;1px&#8221; background_color=&#8221;#375159&#8243; background_layout=&#8221;dark&#8221; custom_margin=&#8221;||0px|&#8221; custom_padding=&#8221;20px||0px|10px&#8221; border_style_all=&#8221;none&#8221; global_colors_info=&#8221;{}&#8221;]<\/p>\n<h4><strong>wissenschaftliche Spezialgebiete<\/strong><\/h4>\n<p>[\/et_pb_text][et_pb_text _builder_version=&#8221;4.16&#8243; text_font_size=&#8221;16px&#8221; text_line_height=&#8221;1.6em&#8221; header_4_font_size=&#8221;16px&#8221; header_4_letter_spacing=&#8221;1px&#8221; background_color=&#8221;#375159&#8243; background_layout=&#8221;dark&#8221; custom_margin=&#8221;||25px|&#8221; custom_padding=&#8221;0px||0px|10px&#8221; border_style_all=&#8221;none&#8221; global_colors_info=&#8221;{}&#8221;]<\/p>\n<ul>\n<li>\n<h4>Kernphysik<\/h4>\n<\/li>\n<li>\n<h4>Physikalische Chemie<\/h4>\n<\/li>\n<\/ul>\n<p>[\/et_pb_text][\/et_pb_column][\/et_pb_row][\/et_pb_section][et_pb_section fb_built=&#8221;1&#8243; disabled_on=&#8221;on|on|on&#8221; admin_label=&#8221;Footer&#8221; _builder_version=&#8221;4.16&#8243; background_color=&#8221;rgba(183,196,204,0.57)&#8221; custom_padding=&#8221;0px|0px|50px|0px&#8221; animation_direction=&#8221;bottom&#8221; disabled=&#8221;on&#8221; saved_tabs=&#8221;all&#8221; global_colors_info=&#8221;{}&#8221;][et_pb_row column_structure=&#8221;1_2,1_2&#8243; disabled_on=&#8221;on|on|on&#8221; _builder_version=&#8221;4.16&#8243; background_size=&#8221;initial&#8221; background_position=&#8221;top_left&#8221; background_repeat=&#8221;repeat&#8221; custom_padding=&#8221;0px|0px|50px|0px&#8221; disabled=&#8221;on&#8221; global_colors_info=&#8221;{}&#8221;][et_pb_column type=&#8221;1_2&#8243; _builder_version=&#8221;4.16&#8243; custom_padding=&#8221;|||&#8221; global_colors_info=&#8221;{}&#8221; custom_padding__hover=&#8221;|||&#8221;][et_pb_blurb title=&#8221;Nymphenburger Str. 79&#8243; url=&#8221;#&#8221; image_icon_width=&#8221;64px&#8221; content_max_width=&#8221;1100px&#8221; _builder_version=&#8221;4.16&#8243; header_font=&#8221;|on|||&#8221; header_text_color=&#8221;#375159&#8243; header_font_size=&#8221;30&#8243; header_line_height=&#8221;1.5em&#8221; body_text_color=&#8221;#666666&#8243; body_line_height=&#8221;1.9em&#8221; background_color=&#8221;#ffffff&#8221; custom_margin=&#8221;-80px|||&#8221; custom_padding=&#8221;30px|40px|30px|40px&#8221; animation_direction=&#8221;bottom&#8221; animation=&#8221;off&#8221; box_shadow_style=&#8221;preset2&#8243; box_shadow_horizontal=&#8221;0px&#8221; box_shadow_vertical=&#8221;0px&#8221; box_shadow_blur=&#8221;60px&#8221; box_shadow_color=&#8221;rgba(39,93,107,0.12)&#8221; image_max_width=&#8221;64px&#8221; locked=&#8221;off&#8221; global_colors_info=&#8221;{}&#8221;]D-80636 M\u00fcnchen<br \/>\nTel. +49 89 \/ 130 10 180<br \/>\nFax +49 89 \/ 130 10 18 29<br \/>\n<a href=\"mailto:info@pa-habenicht.de\">info@pa-habenicht.de<\/a><br \/>\n[\/et_pb_blurb][\/et_pb_column][et_pb_column type=&#8221;1_2&#8243; _builder_version=&#8221;4.16&#8243; custom_padding=&#8221;|||&#8221; global_colors_info=&#8221;{}&#8221; custom_padding__hover=&#8221;|||&#8221;][et_pb_blurb title=&#8221;Hahler Stra\u00dfe 20&#8243; url=&#8221;#&#8221; image_icon_width=&#8221;64px&#8221; content_max_width=&#8221;1100px&#8221; _builder_version=&#8221;4.16&#8243; header_font=&#8221;|on|||&#8221; header_text_color=&#8221;#375159&#8243; header_font_size=&#8221;30&#8243; header_line_height=&#8221;1.5em&#8221; body_text_color=&#8221;#666666&#8243; body_line_height=&#8221;1.9em&#8221; background_color=&#8221;#ffffff&#8221; custom_margin=&#8221;-80px|||&#8221; custom_padding=&#8221;30px|40px|30px|40px&#8221; animation_direction=&#8221;bottom&#8221; animation=&#8221;off&#8221; box_shadow_style=&#8221;preset2&#8243; box_shadow_horizontal=&#8221;0px&#8221; box_shadow_vertical=&#8221;0px&#8221; box_shadow_blur=&#8221;60px&#8221; box_shadow_color=&#8221;rgba(39,93,107,0.12)&#8221; image_max_width=&#8221;64px&#8221; global_colors_info=&#8221;{}&#8221;]D-32427 Minden<br \/>\nTel. +49 571 \/ 888 00-0<br \/>\nFax +49 571 \/ 888 00-88<br \/>\n<a href=\"mailto:info@pa-habenicht.de\">info@pa-habenicht.de<\/a><br \/>\n[\/et_pb_blurb][\/et_pb_column][\/et_pb_row][et_pb_row _builder_version=&#8221;4.16&#8243; global_colors_info=&#8221;{}&#8221;][et_pb_column type=&#8221;4_4&#8243; _builder_version=&#8221;4.16&#8243; custom_padding=&#8221;|||&#8221; global_colors_info=&#8221;{}&#8221; custom_padding__hover=&#8221;|||&#8221;][et_pb_text _builder_version=&#8221;4.16&#8243; global_colors_info=&#8221;{}&#8221;]<em>in Kooperation ohne gesellschaftsrechtlichen Zusammenschluss<\/em><\/p>\n<p><em>Berg &amp; Partner Rechtsanw\u00e4lte Notare<\/em><br \/>\n<em>Dr. Herrguth Patentanwalt Intellectual Property<\/em><br \/>\n[\/et_pb_text][\/et_pb_column][\/et_pb_row][\/et_pb_section][et_pb_section fb_built=&#8221;1&#8243; _builder_version=&#8221;4.16&#8243; background_color=&#8221;rgba(162,187,193,0.4)&#8221; use_background_color_gradient=&#8221;on&#8221; background_color_gradient_direction=&#8221;273deg&#8221; background_color_gradient_stops=&#8221;rgba(3,68,91,0.44) 0%|rgba(164,183,191,0) 100%&#8221; background_color_gradient_start=&#8221;rgba(3,68,91,0.44)&#8221; background_color_gradient_end=&#8221;rgba(164,183,191,0)&#8221; background_position=&#8221;top_left&#8221; background_color_gradient_stops_tablet=&#8221;rgba(3,68,91,0.44) 0%|rgba(164,183,191,0) 100%&#8221; background_color_gradient_stops_phone=&#8221;rgba(3,68,91,0.44) 0%|rgba(164,183,191,0) 100%&#8221; global_module=&#8221;27&#8243; global_colors_info=&#8221;{}&#8221;][et_pb_row column_structure=&#8221;1_2,1_2&#8243; _builder_version=&#8221;4.16&#8243; global_colors_info=&#8221;{}&#8221;][et_pb_column type=&#8221;1_2&#8243; _builder_version=&#8221;4.16&#8243; custom_padding=&#8221;|||&#8221; global_colors_info=&#8221;{}&#8221; custom_padding__hover=&#8221;|||&#8221;][et_pb_text _builder_version=&#8221;4.16&#8243; text_font_size=&#8221;14px&#8221; custom_padding=&#8221;40px||40px|&#8221; global_colors_info=&#8221;{}&#8221;]<\/p>\n<p><span id=\"result_box\" class=\"\" lang=\"en\">in cooperation without any liability under corporate law<br \/>\u2022 Berg &amp; Partner lawyers notaries<br \/><\/span><\/p>\n<p>[\/et_pb_text][\/et_pb_column][et_pb_column type=&#8221;1_2&#8243; _builder_version=&#8221;4.16&#8243; custom_padding=&#8221;|||&#8221; global_colors_info=&#8221;{}&#8221; custom_padding__hover=&#8221;|||&#8221;][\/et_pb_column][\/et_pb_row][\/et_pb_section]<\/p>\n","protected":false},"excerpt":{"rendered":"<p>Innovation is our business \u201eLa protection de la propri\u00e9t\u00e9 industrielle a pour objet les brevets d\u2019invention, les mod\u00e8les d\u2019utilit\u00e9, les dessins ou mod\u00e8les industriels, les marques de fabrique ou de commerce, les marques de service, le nom commercial et les indications de provenance ou appellations d\u2019origine, ainsi que la r\u00e9pression de la concurrence d\u00e9loyale.\u201c Art. [&hellip;]<\/p>\n","protected":false},"author":1,"featured_media":0,"parent":0,"menu_order":0,"comment_status":"closed","ping_status":"closed","template":"","meta":{"_et_pb_use_builder":"on","_et_pb_old_content":"","_et_gb_content_width":"","footnotes":""},"class_list":["post-13","page","type-page","status-publish","hentry"],"_links":{"self":[{"href":"https:\/\/stage.pa-habenicht.de\/en\/wp-json\/wp\/v2\/pages\/13","targetHints":{"allow":["GET"]}}],"collection":[{"href":"https:\/\/stage.pa-habenicht.de\/en\/wp-json\/wp\/v2\/pages"}],"about":[{"href":"https:\/\/stage.pa-habenicht.de\/en\/wp-json\/wp\/v2\/types\/page"}],"author":[{"embeddable":true,"href":"https:\/\/stage.pa-habenicht.de\/en\/wp-json\/wp\/v2\/users\/1"}],"replies":[{"embeddable":true,"href":"https:\/\/stage.pa-habenicht.de\/en\/wp-json\/wp\/v2\/comments?post=13"}],"version-history":[{"count":22,"href":"https:\/\/stage.pa-habenicht.de\/en\/wp-json\/wp\/v2\/pages\/13\/revisions"}],"predecessor-version":[{"id":280,"href":"https:\/\/stage.pa-habenicht.de\/en\/wp-json\/wp\/v2\/pages\/13\/revisions\/280"}],"wp:attachment":[{"href":"https:\/\/stage.pa-habenicht.de\/en\/wp-json\/wp\/v2\/media?parent=13"}],"curies":[{"name":"wp","href":"https:\/\/api.w.org\/{rel}","templated":true}]}}