{"id":24,"date":"2018-08-14T10:03:52","date_gmt":"2018-08-14T08:03:52","guid":{"rendered":"http:\/\/wordpress.p468411.webspaceconfig.de\/en\/?page_id=24"},"modified":"2024-08-26T10:55:53","modified_gmt":"2024-08-26T08:55:53","slug":"attorney","status":"publish","type":"page","link":"https:\/\/stage.pa-habenicht.de\/en\/attorney\/","title":{"rendered":"Attorney"},"content":{"rendered":"<p>[et_pb_section fb_built=&#8221;1&#8243; fullwidth=&#8221;on&#8221; _builder_version=&#8221;4.16&#8243; global_colors_info=&#8221;{}&#8221;][et_pb_fullwidth_image src=&#8221;https:\/\/stage.pa-habenicht.de\/en\/wp-content\/uploads\/sites\/2\/2024\/08\/header_montage-ihr-anwalt_EN.jpg&#8221; title_text=&#8221;header_montage-ihr-anwalt_EN&#8221; disabled_on=&#8221;on||&#8221; _builder_version=&#8221;4.27.0&#8243; hover_enabled=&#8221;0&#8243; global_colors_info=&#8221;{}&#8221; sticky_enabled=&#8221;0&#8243;][\/et_pb_fullwidth_image][\/et_pb_section][et_pb_section fb_built=&#8221;1&#8243; _builder_version=&#8221;4.16&#8243; background_color=&#8221;#375159&#8243; global_colors_info=&#8221;{}&#8221;][et_pb_row custom_padding_last_edited=&#8221;on|desktop&#8221; _builder_version=&#8221;4.16&#8243; custom_padding=&#8221;10px|10px|10px|10px&#8221; custom_padding_tablet=&#8221;0px|0px|0px|0px&#8221; custom_padding_phone=&#8221;&#8221; global_colors_info=&#8221;{}&#8221;][et_pb_column type=&#8221;4_4&#8243; _builder_version=&#8221;4.16&#8243; custom_padding=&#8221;|||&#8221; global_colors_info=&#8221;{}&#8221; custom_padding__hover=&#8221;|||&#8221;][et_pb_text admin_label=&#8221;Text &#8211; Slogan&#8221; _builder_version=&#8221;4.16&#8243; header_2_font=&#8221;Times New Roman||on||||||&#8221; header_2_text_color=&#8221;#ffffff&#8221; header_2_font_size=&#8221;50px&#8221; header_2_line_height=&#8221;1.8em&#8221; custom_padding=&#8221;0px|||&#8221; custom_padding_tablet=&#8221;&#8221; custom_padding_phone=&#8221;10px|||&#8221; custom_padding_last_edited=&#8221;on|phone&#8221; header_2_font_size_tablet=&#8221;40px&#8221; header_2_font_size_phone=&#8221;23px&#8221; header_2_font_size_last_edited=&#8221;on|phone&#8221; header_2_line_height_tablet=&#8221;1.2em&#8221; header_2_line_height_phone=&#8221;&#8221; header_2_line_height_last_edited=&#8221;on|phone&#8221; saved_tabs=&#8221;all&#8221; global_colors_info=&#8221;{}&#8221;]<\/p>\n<h2>Attorney<\/h2>\n<p>[\/et_pb_text][\/et_pb_column][\/et_pb_row][\/et_pb_section][et_pb_section fb_built=&#8221;1&#8243; _builder_version=&#8221;4.16&#8243; global_colors_info=&#8221;{}&#8221;][et_pb_row column_structure=&#8221;1_3,2_3&#8243; _builder_version=&#8221;4.16&#8243; background_size=&#8221;initial&#8221; background_position=&#8221;top_left&#8221; background_repeat=&#8221;repeat&#8221; global_colors_info=&#8221;{}&#8221;][et_pb_column type=&#8221;1_3&#8243; _builder_version=&#8221;4.16&#8243; custom_padding=&#8221;|||&#8221; global_colors_info=&#8221;{}&#8221; custom_padding__hover=&#8221;|||&#8221;][et_pb_image src=&#8221;https:\/\/stage.pa-habenicht.de\/en\/wp-content\/uploads\/sites\/2\/2024\/07\/2024_wieland-habenicht_00166FAVORIT_758x1137.jpg&#8221; title_text=&#8221;2024_wieland-habenicht_00166FAVORIT_758x1137&#8243; align_tablet=&#8221;center&#8221; align_phone=&#8221;center&#8221; align_last_edited=&#8221;on|desktop&#8221; _builder_version=&#8221;4.26.0&#8243; custom_padding=&#8221;25px|||&#8221; global_colors_info=&#8221;{}&#8221;][\/et_pb_image][et_pb_testimonial _builder_version=&#8221;4.16&#8243; body_font=&#8221;||on||||||&#8221; body_font_size=&#8221;16&#8243; global_colors_info=&#8221;{}&#8221;]<strong>Wieland Habenicht, Physicist, PhD <\/strong><\/p>\n<p>Studies of Physics at the University of Bern, Switzerland, and at the TU M\u00fcnchen, Germany Diploma and Doctorate in Physics from TU M\u00fcnchen<br \/>\nPatent Attorney since 1996<br \/>\n[\/et_pb_testimonial][\/et_pb_column][et_pb_column type=&#8221;2_3&#8243; _builder_version=&#8221;4.16&#8243; custom_padding=&#8221;|||&#8221; global_colors_info=&#8221;{}&#8221; custom_padding__hover=&#8221;|||&#8221;][et_pb_text _builder_version=&#8221;4.16&#8243; text_font_size=&#8221;16px&#8221; text_line_height=&#8221;1.5em&#8221; custom_padding=&#8221;25px||100px|&#8221; global_colors_info=&#8221;{}&#8221;]<\/p>\n<p><strong>IP expertise<\/strong><\/p>\n<ul>\n<li>computer related inventions<\/li>\n<li>licence und know-how-agreements<\/li>\n<\/ul>\n<p><strong>Technical expertise<\/strong><\/p>\n<ul>\n<li>Software<\/li>\n<li>Semiconductor devices<\/li>\n<li>Aircrafts and vehicles<\/li>\n<li>Medical engineering and technology<\/li>\n<li>IT technology and communications<\/li>\n<\/ul>\n<p><strong>Member of IP institutions and communities<\/strong><\/p>\n<ul>\n<li>Patentanwaltskammer<\/li>\n<li>Institute of Professional Representatives before the European Patent Office (epi)<\/li>\n<li>Deutsche Vereinigung f\u00fcr gewerblichen Rechtsschutz und Urheberrecht e.V. (GRUR)<\/li>\n<\/ul>\n<p><strong>Other IP fellowships<\/strong><\/p>\n<ul>\n<li>F\u00e9d\u00e9ration internationale des conseils en propri\u00e9t\u00e9 industrielle (ficpi)<\/li>\n<\/ul>\n<p><strong>Other fellowships<\/strong><\/p>\n<ul>\n<li>Deutsche Physikalische Gesellschaft (DPG)<\/li>\n<\/ul>\n<p>As a Professional Representative I am bound to observe the rules and regulations of the IP institutions and communities to whom I am a registered member<\/p>\n<p>[\/et_pb_text][\/et_pb_column][\/et_pb_row][\/et_pb_section][et_pb_section fb_built=&#8221;1&#8243; _builder_version=&#8221;4.16&#8243; background_color=&#8221;rgba(162,187,193,0.4)&#8221; use_background_color_gradient=&#8221;on&#8221; background_color_gradient_direction=&#8221;273deg&#8221; background_color_gradient_stops=&#8221;rgba(3,68,91,0.44) 0%|rgba(164,183,191,0) 100%&#8221; background_color_gradient_start=&#8221;rgba(3,68,91,0.44)&#8221; background_color_gradient_end=&#8221;rgba(164,183,191,0)&#8221; background_position=&#8221;top_left&#8221; background_color_gradient_stops_tablet=&#8221;rgba(3,68,91,0.44) 0%|rgba(164,183,191,0) 100%&#8221; background_color_gradient_stops_phone=&#8221;rgba(3,68,91,0.44) 0%|rgba(164,183,191,0) 100%&#8221; global_module=&#8221;27&#8243; global_colors_info=&#8221;{}&#8221;][et_pb_row column_structure=&#8221;1_2,1_2&#8243; _builder_version=&#8221;4.16&#8243; global_colors_info=&#8221;{}&#8221;][et_pb_column type=&#8221;1_2&#8243; _builder_version=&#8221;4.16&#8243; custom_padding=&#8221;|||&#8221; global_colors_info=&#8221;{}&#8221; custom_padding__hover=&#8221;|||&#8221;][et_pb_text _builder_version=&#8221;4.16&#8243; text_font_size=&#8221;14px&#8221; custom_padding=&#8221;40px||40px|&#8221; global_colors_info=&#8221;{}&#8221;]<\/p>\n<p><span id=\"result_box\" class=\"\" lang=\"en\">in cooperation without any liability under corporate law<br \/>\u2022 Berg &amp; Partner lawyers notaries<br \/><\/span><\/p>\n<p>[\/et_pb_text][\/et_pb_column][et_pb_column type=&#8221;1_2&#8243; _builder_version=&#8221;4.16&#8243; custom_padding=&#8221;|||&#8221; global_colors_info=&#8221;{}&#8221; custom_padding__hover=&#8221;|||&#8221;][\/et_pb_column][\/et_pb_row][\/et_pb_section]<\/p>\n","protected":false},"excerpt":{"rendered":"<p>Attorney Wieland Habenicht, Physicist, PhD Studies of Physics at the University of Bern, Switzerland, and at the TU M\u00fcnchen, Germany Diploma and Doctorate in Physics from TU M\u00fcnchen Patent Attorney since 1996 IP expertise computer related inventions licence und know-how-agreements Technical expertise Software Semiconductor devices Aircrafts and vehicles Medical engineering and technology IT technology and [&hellip;]<\/p>\n","protected":false},"author":2,"featured_media":0,"parent":0,"menu_order":0,"comment_status":"closed","ping_status":"closed","template":"","meta":{"_et_pb_use_builder":"on","_et_pb_old_content":"","_et_gb_content_width":"","footnotes":""},"class_list":["post-24","page","type-page","status-publish","hentry"],"_links":{"self":[{"href":"https:\/\/stage.pa-habenicht.de\/en\/wp-json\/wp\/v2\/pages\/24","targetHints":{"allow":["GET"]}}],"collection":[{"href":"https:\/\/stage.pa-habenicht.de\/en\/wp-json\/wp\/v2\/pages"}],"about":[{"href":"https:\/\/stage.pa-habenicht.de\/en\/wp-json\/wp\/v2\/types\/page"}],"author":[{"embeddable":true,"href":"https:\/\/stage.pa-habenicht.de\/en\/wp-json\/wp\/v2\/users\/2"}],"replies":[{"embeddable":true,"href":"https:\/\/stage.pa-habenicht.de\/en\/wp-json\/wp\/v2\/comments?post=24"}],"version-history":[{"count":19,"href":"https:\/\/stage.pa-habenicht.de\/en\/wp-json\/wp\/v2\/pages\/24\/revisions"}],"predecessor-version":[{"id":292,"href":"https:\/\/stage.pa-habenicht.de\/en\/wp-json\/wp\/v2\/pages\/24\/revisions\/292"}],"wp:attachment":[{"href":"https:\/\/stage.pa-habenicht.de\/en\/wp-json\/wp\/v2\/media?parent=24"}],"curies":[{"name":"wp","href":"https:\/\/api.w.org\/{rel}","templated":true}]}}