{"id":81,"date":"2018-08-14T14:00:40","date_gmt":"2018-08-14T12:00:40","guid":{"rendered":"http:\/\/wordpress.p468411.webspaceconfig.de\/en\/?page_id=81"},"modified":"2018-08-14T14:00:40","modified_gmt":"2018-08-14T12:00:40","slug":"datenschutz","status":"publish","type":"page","link":"https:\/\/stage.pa-habenicht.de\/en\/datenschutz\/","title":{"rendered":"Datenschutz"},"content":{"rendered":"<p>[et_pb_section bb_built=&#8221;1&#8243; fullwidth=&#8221;off&#8221; specialty=&#8221;off&#8221; next_background_color=&#8221;rgba(162,187,193,0.4)&#8221;][et_pb_row][et_pb_column type=&#8221;1_2&#8243;][et_pb_text _builder_version=&#8221;3.9&#8243; custom_padding=&#8221;15px||25px|&#8221; text_font_size=&#8221;16px&#8221; text_line_height=&#8221;1.5em&#8221;]<\/p>\n<h6><strong>Datenschutz<\/strong><\/h6>\n<p>Die Betreiber dieser Seiten nehmen den Schutz Ihrer pers\u00f6nlichen Daten sehr ernst. Wir behandeln Ihre personenbezogenen Daten vertraulich und entsprechend der gesetzlichen Datenschutzvorschriften sowie dieser Datenschutzerkl\u00e4rung.<\/p>\n<p>Die Nutzung unserer Website ist in der Regel ohne Angabe personenbezogener Daten m\u00f6glich. Soweit auf unseren Seiten personenbezogene Daten (beispielsweise Name, Anschrift oder E-Mail-Adressen) erhoben werden, erfolgt dies, soweit m\u00f6glich, stets auf freiwilliger Basis. Diese Daten werden ohne Ihre ausdr\u00fcckliche Zustimmung nicht an Dritte weitergegeben.<\/p>\n<p>Wir weisen darauf hin, dass die Daten\u00fcbertragung im Internet (z.B. bei der Kommunikation per E-Mail) Sicherheitsl\u00fccken aufweisen kann. Ein l\u00fcckenloser Schutz der Daten vor dem Zugriff durch Dritte ist nicht m\u00f6glich.<\/p>\n<p><strong>Verantwortlicher gem. Art. 4 Abs. 7 DS-GVO sind: <\/strong><\/p>\n<p>PA Dipl.-Phys. Dr. Wieland Habenicht<\/p>\n<p>B\u00fcro M\u00fcnchen:<br \/>\nNymphenburger Str. 79<br \/>\nD-80636 M\u00fcnchen<br \/>\nTel. +49 (0) 89 \/ 13 01 01 8-0<br \/>\nFax +49 (0) 89 \/ 13 01 01 8-29<br \/>\ninfo@pa-habenicht.de<\/p>\n<p>B\u00fcro Minden:<br \/>\nHahler Stra\u00dfe 20<br \/>\nD-32427 Minden<br \/>\nTel. +49 (0) 571 \/ 888 00-0<br \/>\nFax +49 (0) 571 \/ 888 00-88<br \/>\ninfo@pa-habenicht.de<\/p>\n<p><strong>Der Datenschutzbeauftragte des Verantwortlichen ist:<br \/>\n<\/strong>PA Dipl.-Phys. Dr. Wieland Habenicht<\/p>\n<p><strong>Recht auf Auskunft, L\u00f6schung, Sperrung <\/strong><\/p>\n<p>Sie haben gegen\u00fcber uns folgende Rechte hinsichtlich der Sie betreffenden personenbezogenen Daten:<\/p>\n<ul>\n<li>Recht auf Auskunft,<\/li>\n<li>Recht auf Berichtigung oder L\u00f6schung<\/li>\n<li>Recht auf Einschr\u00e4nkung der Verarbeitung<\/li>\n<li>Recht auf Widerspruch gegen die Verarbeitung<\/li>\n<li>Recht auf Daten\u00fcbertragbarkeit.<\/li>\n<\/ul>\n<p>Sie haben zudem das Recht, sich bei einer Datenschutz-Aufsichtsbeh\u00f6rde \u00fcber die Verarbeitung Ihrer personenbezogenen Daten durch uns zu beschweren.<\/p>\n<p><strong>Erhebung personenbezogener Daten beim Besuch unserer Website <\/strong><\/p>\n<p>Bei der blo\u00df informatorischen Nutzung der Website, also wenn Sie sich nicht zur Nutzung der Website anmelden, registrieren oder uns sonst Informationen \u00fcbermitteln, erheben wir keine personenbezogenen Daten, mit Ausnahme der Daten, die Ihr Browser an unseren Server \u00fcbermittelt. Wenn Sie unsere Website betrachten m\u00f6chten, erheben wir die folgenden Daten, die f\u00fcr uns technisch erforderlich sind, um Ihnen unsere Website anzuzeigen und die Stabilit\u00e4t und Sicherheit zu gew\u00e4hrleisten (Rechtsgrundlage ist Art. 6 Abs. 1 S. lit. f DS-GVO):<\/p>\n<ul>\n<li>IP-Adresse<\/li>\n<li>Datum und Uhrzeit der Anfrage<\/li>\n<li>Zeitzonendifferenz zur Greenwich Mean Time (GMT)<\/li>\n<li>Inhalt der Anforderung (konkrete Seite)<\/li>\n<li>Zugriffsstatus \/ HTTP-Statuscode<\/li>\n<li>jeweils \u00fcbertragene Datenmenge<\/li>\n<li>Website, von der die Anforderung kommt<\/li>\n<li>Browser<\/li>\n<li>Betriebssystem und dessen Oberfl\u00e4che<\/li>\n<li>Sprache und Version der Browsersoftware.<\/li>\n<\/ul>\n<p>[\/et_pb_text][\/et_pb_column][et_pb_column type=&#8221;1_2&#8243;][et_pb_text _builder_version=&#8221;3.9&#8243; custom_padding=&#8221;25px||25px|&#8221; text_font_size=&#8221;16px&#8221; text_line_height=&#8221;1.5em&#8221;]<\/p>\n<p><strong>Weitere Funktionen und Angebote unserer Website <\/strong><\/p>\n<p>Neben der rein informatorischen Nutzung unserer Website bieten wir verschiedene Leistungen an, die Sie bei Interesse nutzen k\u00f6nnen. Dazu m\u00fcssen Sie in der Regel weitere personenbezogene Daten angeben, die wir zur Erbringung der jeweiligen Leistung nutzen und f\u00fcr die die zuvor genannten Grunds\u00e4tze zur Datenverarbeitung gelten.<\/p>\n<p>Teilweise bedienen wir uns zur Verarbeitung Ihrer Daten externer Dienstleister. Diese wurden von uns sorgf\u00e4ltig ausgew\u00e4hlt und beauftragt, sind an unsere Weisungen gebunden und werden regelm\u00e4\u00dfig kontrolliert.<\/p>\n<p>Weiterhin k\u00f6nnen wir Ihre personenbezogenen Daten an Dritte weitergeben, wenn Aktionsteilnahmen, Gewinnspiele, Vertragsabschl\u00fcsse oder \u00e4hnliche Leistungen von uns gemeinsam mit Partnern angeboten werden. N\u00e4here Informationen hierzu erhalten Sie bei Angabe Ihrer personenbezogenen Daten oder untenstehend in der Beschreibung des Angebotes.<\/p>\n<p>Soweit unsere Dienstleister oder Partner ihren Sitz in einem Staat au\u00dferhalb des Europ\u00e4ischen Wirtschaftsraumen (EWR) haben, informieren wir Sie \u00fcber die Folgen dieses Umstands in der Beschreibung des Angebotes.<\/p>\n<p><strong>SSL-Verschl\u00fcsselung <\/strong><\/p>\n<p>Diese Seite nutzt aus Gr\u00fcnden der Sicherheit und zum Schutz der \u00dcbertragung vertraulicher Inhalte, wie zum Beispiel der Anfragen, die Sie an uns als Seitenbetreiber senden, eine SSL-Verschl\u00fcsselung. Eine verschl\u00fcsselte Verbindung erkennen Sie daran, dass die Adresszeile des Browsers von &#8220;http:\/\/&#8221; auf &#8220;https:\/\/&#8221; wechselt und an dem Schloss-Symbol in Ihrer Browserzeile.<\/p>\n<p>Wenn die SSL Verschl\u00fcsselung aktiviert ist, k\u00f6nnen die Daten, die Sie an uns \u00fcbermitteln, nicht von Dritten mitgelesen werden.<\/p>\n<p><strong>Externe Links <\/strong><\/p>\n<p>Zu Ihrer optimalen Information finden Sie auf unserer Seite Links, die auf Seiten Dritter verweisen. Soweit dies nicht offensichtlich erkennbar ist, weisen wir darauf hin, dass es sich um einen externen Link handelt. Der Website-Betreiber hat keinen Einfluss auf den Inhalt und die Gestaltung dieser Seiten anderer Anbieter und verweisen daher auf deren Datenschutzerkl\u00e4rungen. Die Garantien dieser Datenschutzerkl\u00e4rung gelten daher selbstverst\u00e4ndlich dort nicht.<\/p>\n<p><strong>Widerspruch oder Widerruf gegen die Verarbeitung Ihrer Daten <\/strong><\/p>\n<p>Falls Sie eine Einwilligung zur Verarbeitung Ihrer Daten erteilt haben, k\u00f6nnen Sie diese jederzeit widerrufen. Ein solcher Widerruf beeinflusst die Zul\u00e4ssigkeit der Verarbeitung Ihrer personenbezogenen Daten, nachdem Sie ihn gegen\u00fcber uns ausgesprochen haben.<\/p>\n<p>Soweit wir die Verarbeitung Ihrer personenbezogenen Daten auf die Interessenabw\u00e4gung st\u00fctzen, k\u00f6nnen Sie Widerspruch gegen die Verarbeitung einlegen. Dies ist der Fall, wenn die Verarbeitung insbesondere nicht zur Erf\u00fcllung eines Vertrags mit Ihnen erforderlich ist, was von uns jeweils bei der nachfolgenden Beschreibung der Funktionen dargestellt wird. Bei Aus\u00fcbung eines solchen Widerspruchs bitten wir um Darlegung der Gr\u00fcnde, weshalb wir Ihre personenbezogenen Daten nicht wie von uns durchgef\u00fchrt verarbeiten sollten. Im Falle Ihres begr\u00fcndeten Widerspruchs pr\u00fcfen wir die Sachlage und werden entweder die Datenverarbeitung einstellen bzw. anpassen oder Ihnen unsere zwingenden schutzw\u00fcrdigen Gr\u00fcnde aufzeigen, aufgrund derer wir die Verarbeitung fortf\u00fchren.<\/p>\n<p>Selbstverst\u00e4ndlich k\u00f6nnen Sie der Verarbeitung Ihrer personenbezogenen Daten f\u00fcr Zwecke der Werbung und Datenanalyse jederzeit widersprechen. \u00dcber Ihren Werbewiderspruch k\u00f6nnen Sie uns unter folgenden Kontaktdaten informieren:<\/p>\n<p>PA Dipl.-Phys. Dr. Wieland Habenicht<\/p>\n<p>B\u00fcro M\u00fcnchen:<br \/>\nNymphenburger Str. 79<br \/>\nD-80636 M\u00fcnchen<br \/>\nTel. +49 (0) 89 \/ 13 01 01 8-0<br \/>\nFax +49 (0) 89 \/ 13 01 01 8-29<br \/>\ninfo@pa-habenicht.de<\/p>\n<p>B\u00fcro Minden:<br \/>\nHahler Stra\u00dfe 20<br \/>\nD-32427 Minden<br \/>\nTel. +49 (0) 571 \/ 888 00-0<br \/>\nFax +49 (0) 571 \/ 888 00-88<br \/>\ninfo@pa-habenicht.de<\/p>\n<p>Stand: Juli 2018<\/p>\n<p>Quellenangabe: Ausz\u00fcge dieser Datenschutzerkl\u00e4rung stammen von <a href=\"http:\/\/www.e-recht24.de\">http:\/\/www.e-recht24.de<\/a><\/p>\n<p>[\/et_pb_text][\/et_pb_column][\/et_pb_row][\/et_pb_section][et_pb_section bb_built=&#8221;1&#8243; _builder_version=&#8221;3.9&#8243; use_background_color_gradient=&#8221;on&#8221; background_color_gradient_start=&#8221;rgba(3,68,91,0.44)&#8221; background_color_gradient_end=&#8221;rgba(164,183,191,0)&#8221; background_color_gradient_direction=&#8221;273deg&#8221; background_position=&#8221;top_left&#8221; background_color=&#8221;rgba(162,187,193,0.4)&#8221; global_module=&#8221;27&#8243; prev_background_color=&#8221;#ffffff&#8221;][et_pb_row global_parent=&#8221;27&#8243; _builder_version=&#8221;3.9&#8243;][et_pb_column type=&#8221;1_2&#8243;][et_pb_text global_parent=&#8221;27&#8243; _builder_version=&#8221;3.9&#8243; text_font_size=&#8221;14px&#8221; custom_padding=&#8221;40px||40px|&#8221;]<\/p>\n<p>in Kooperation ohne gesellschaftsrechtlichen Zusammenschluss<br \/>\n\u2022 Berg &amp; Partner Rechtsanw\u00e4lte Notare<br \/>\n\u2022 Dr. Herrguth Patentanwalt Intellectual Property<\/p>\n<p>[\/et_pb_text][\/et_pb_column][et_pb_column type=&#8221;1_2&#8243;][\/et_pb_column][\/et_pb_row][\/et_pb_section]<\/p>\n","protected":false},"excerpt":{"rendered":"<p><div class=\"et_pb_row et_pb_row_0 et_pb_row_empty\">\n\t\t\t\t\n\t\t\t\t\n\t\t\t\t\n\t\t\t\t\n\t\t\t\t\n\t\t\t<\/div> Datenschutz Die Betreiber dieser Seiten nehmen den Schutz Ihrer pers\u00f6nlichen Daten sehr ernst. Wir behandeln Ihre personenbezogenen Daten vertraulich und entsprechend der gesetzlichen Datenschutzvorschriften sowie dieser Datenschutzerkl\u00e4rung. Die Nutzung unserer Website ist in der Regel ohne Angabe personenbezogener Daten m\u00f6glich. Soweit auf unseren Seiten personenbezogene Daten (beispielsweise Name, Anschrift oder E-Mail-Adressen) erhoben werden, erfolgt [&hellip;]<\/p>\n","protected":false},"author":2,"featured_media":0,"parent":0,"menu_order":0,"comment_status":"closed","ping_status":"closed","template":"","meta":{"_et_pb_use_builder":"on","_et_pb_old_content":"","_et_gb_content_width":"","footnotes":""},"class_list":["post-81","page","type-page","status-publish","hentry"],"_links":{"self":[{"href":"https:\/\/stage.pa-habenicht.de\/en\/wp-json\/wp\/v2\/pages\/81","targetHints":{"allow":["GET"]}}],"collection":[{"href":"https:\/\/stage.pa-habenicht.de\/en\/wp-json\/wp\/v2\/pages"}],"about":[{"href":"https:\/\/stage.pa-habenicht.de\/en\/wp-json\/wp\/v2\/types\/page"}],"author":[{"embeddable":true,"href":"https:\/\/stage.pa-habenicht.de\/en\/wp-json\/wp\/v2\/users\/2"}],"replies":[{"embeddable":true,"href":"https:\/\/stage.pa-habenicht.de\/en\/wp-json\/wp\/v2\/comments?post=81"}],"version-history":[{"count":2,"href":"https:\/\/stage.pa-habenicht.de\/en\/wp-json\/wp\/v2\/pages\/81\/revisions"}],"predecessor-version":[{"id":83,"href":"https:\/\/stage.pa-habenicht.de\/en\/wp-json\/wp\/v2\/pages\/81\/revisions\/83"}],"wp:attachment":[{"href":"https:\/\/stage.pa-habenicht.de\/en\/wp-json\/wp\/v2\/media?parent=81"}],"curies":[{"name":"wp","href":"https:\/\/api.w.org\/{rel}","templated":true}]}}