{"id":84,"date":"2018-08-14T14:01:40","date_gmt":"2018-08-14T12:01:40","guid":{"rendered":"http:\/\/wordpress.p468411.webspaceconfig.de\/en\/?page_id=84"},"modified":"2018-08-21T16:26:07","modified_gmt":"2018-08-21T14:26:07","slug":"impressum","status":"publish","type":"page","link":"https:\/\/stage.pa-habenicht.de\/en\/impressum\/","title":{"rendered":"Impressum"},"content":{"rendered":"<p>[et_pb_section bb_built=&#8221;1&#8243; specialty=&#8221;off&#8221; next_background_color=&#8221;rgba(162,187,193,0.4)&#8221; _builder_version=&#8221;3.9&#8243;][et_pb_row][et_pb_column type=&#8221;1_2&#8243;][et_pb_text _builder_version=&#8221;3.9&#8243; text_font_size=&#8221;16px&#8221; text_line_height=&#8221;1.5em&#8221; custom_padding=&#8221;40px||40px|&#8221; background_layout=&#8221;dark&#8221; header_4_text_color=&#8221;#000000&#8243; text_text_color=&#8221;#000000&#8243; header_text_color=&#8221;#000000&#8243;]<\/p>\n<h4><strong>Impressum<\/strong><\/h4>\n<p>PA Dipl.-Phys. Dr. Wieland Habenicht<\/p>\n<p>B\u00fcro M\u00fcnchen:<br \/>\nNymphenburger Str. 79<br \/>\nD-80636 M\u00fcnchen<br \/>\nTel. +49 (0) 89 \/ 13 01 01 8-0<br \/>\nFax +49 (0) 89 \/ 13 01 01 8-29<br \/>\n<a href=\"mailto:info@pa-habenicht.de\">info@pa-habenicht.de<\/a><\/p>\n<p>B\u00fcro Minden:<br \/>\nHahler Stra\u00dfe 20<br \/>\nD-32427 Minden<br \/>\nTel. +49 (0) 571 \/ 888 00-0<br \/>\nFax +49 (0) 571 \/ 888 00-88<br \/>\n<a href=\"mailto:info@pa-habenicht.de\">info@pa-habenicht.de<\/a><\/p>\n<p>Inhaltlich Verantwortliche gem\u00e4\u00df \u00a75 TMG (Telemediengesetz): PA Dipl.-Phys. Dr. Wieland Habenicht (Anschrift s.o.)<\/p>\n<p>Berufsbezeichnung: Patentanwalt (verliehen in der Bundesrepublik Deutschland)<\/p>\n<p>Umsatzsteuer-Id.Nr.\/VAT: DE 179 135 205<\/p>\n<p>Zugelassener Vertreter vor\u00a0 EPA \u2013 EUIPO<br \/>\nMitglied bei Patentanwaltskammer, epi<\/p>\n<p>Berufshaftpflichtversicherung: Zurich Insurance plc NfD, Bonn<\/p>\n<p>R\u00e4umlicher Geltungsbereich: BR Deutschland<\/p>\n<p>Zust\u00e4ndige Anwaltskammer:<\/p>\n<p>Patentanwaltskammer<br \/>\nTal 29<br \/>\n80331 M\u00fcnchen<br \/>\nTelefon: 089 2422780<br \/>\nTelefax: 089 242278-24<\/p>\n<p>Zust\u00e4ndige Aufsichtsbeh\u00f6rde: Patentanwaltskammer<\/p>\n<p>Es gelten die folgenden berufsrechtlichen Regelungen:<\/p>\n<ul>\n<li>Patentanwaltsordnung (BGBl. I 1966, S. 557, Zuletzt ge\u00e4ndert durch Art. 5 G v. 30.10.2017 I 3618)<\/li>\n<li>Berufsordnung der Patentanw\u00e4lte (Mitt. 1997, 243 ff.)<\/li>\n<li>FICPI Standesregeln ( www.ficpi.org\/aboutframe.html )<\/li>\n<li>Code of Professional Conduct des epi (epi-Information 2\/2001, S. 75)<\/li>\n<\/ul>\n<p>Weitere Informationen unter<br \/>\n<a href=\"https:\/\/www.patentanwalt.de\/de\/patentanwaelte\/patentanwaltsordnung.html\">https:\/\/www.patentanwalt.de\/de\/patentanwaelte\/patentanwaltsordnung.html<\/a><br \/>\n<a href=\"https:\/\/patentepi.com\/de\/\">https:\/\/patentepi.com\/de\/<\/a><\/p>\n<p>[\/et_pb_text][\/et_pb_column][et_pb_column type=&#8221;1_2&#8243;][et_pb_text _builder_version=&#8221;3.9&#8243; text_font_size=&#8221;16px&#8221; text_line_height=&#8221;1.5em&#8221; custom_padding=&#8221;40px||40px|&#8221; text_text_color=&#8221;#000000&#8243; header_4_text_color=&#8221;#f9f9f9&#8243;]<\/p>\n<p><strong>Haftung f\u00fcr Inhalte<\/strong><\/p>\n<p>Die Inhalte unserer Seiten wurden mit gr\u00f6\u00dfter Sorgfalt erstellt. F\u00fcr die Richtigkeit, Vollst\u00e4ndigkeit und Aktualit\u00e4t der Inhalte k\u00f6nnen wir jedoch keine Gew\u00e4hr \u00fcbernehmen. Als Diensteanbieter sind wir gem\u00e4\u00df Telemediengesetz f\u00fcr eigene Inhalte auf diesen Seiten nach den allgemeinen Gesetzen verantwortlich. Diensteanbieter sind jedoch nicht verpflichtet, die von ihnen \u00fcbermittelten oder gespeicherten fremden Informationen zu \u00fcberwachen oder nach Umst\u00e4nden zu forschen, die auf eine rechtswidrige T\u00e4tigkeit hinweisen. Verpflichtungen zur Entfernung oder Sperrung der Nutzung von Informationen nach den allgemeinen Gesetzen bleiben hiervon unber\u00fchrt. Eine diesbez\u00fcgliche Haftung ist jedoch erst ab dem Zeitpunkt der Kenntnis einer konkreten Rechtsverletzung m\u00f6glich. Bei bekannt werden von entsprechenden Rechtsverletzungen werden wir diese Inhalte umgehend entfernen.<\/p>\n<p><strong>Haftung f\u00fcr Links<\/strong><\/p>\n<p>Unser Angebot enth\u00e4lt Links zu externen Webseiten Dritter, auf deren Inhalte wir keinen Einfluss haben. Deshalb k\u00f6nnen wir f\u00fcr diese fremden Inhalte auch keine Gew\u00e4hr \u00fcbernehmen. F\u00fcr die Inhalte der verlinkten Seiten ist stets der jeweilige Anbieter oder Betreiber der Seiten verantwortlich. Die verlinkten Seiten wurden zum Zeitpunkt der Verlinkung auf m\u00f6gliche Rechtsverst\u00f6\u00dfe \u00fcberpr\u00fcft.<br \/>\nRechtswidrige Inhalte waren zum Zeitpunkt der Verlinkung nicht erkennbar. Eine permanente inhaltliche Kontrolle der verlinkten Seiten ist jedoch ohne konkrete Anhaltspunkte einer Rechtsverletzung nicht zumutbar. Bei bekannt werden von Rechtsverletzungen werden wir derartige Links umgehend entfernen.<\/p>\n<p><strong>Urheberrecht<\/strong><\/p>\n<p>Die Betreiber der Seiten sind bem\u00fcht, stets die Urheberrechte anderer zu beachten bzw. auf selbst erstellte sowie lizenzfreie Werke zur\u00fcckzugreifen. Die durch die Seitenbetreiber erstellten Inhalte und Werke auf diesen Seiten unterliegen dem deutschen Urheberrecht. Beitr\u00e4ge Dritter sind als solche gekennzeichnet. Die Vervielf\u00e4ltigung, Bearbeitung, Verbreitung und jede Art der Verwertung au\u00dferhalb der Grenzen des Urheberrechtes bed\u00fcrfen der schriftlichen Zustimmung des jeweiligen Autors bzw. Erstellers. Downloads und Kopien dieser Seite sind nur f\u00fcr den privaten, nicht kommerziellen Gebrauch gestattet.<\/p>\n<p><strong>Au\u00dfergerichtliche Streitschlichtung<\/strong><\/p>\n<p>Die Europ\u00e4ische Kommission stellt eine Plattform f\u00fcr die au\u00dfergerichtliche Online-Streitbeilegung (OS-Plattform) bereit, welche unter www.ec.europa.eu\/consumers\/odr f\u00fcr Sie erreichbar ist. Wir sind weder verpflichtet noch bereit, an dem Streitschlichtungsverfahren teilzunehmen.<\/p>\n<p><strong>Bildquellen<\/strong><\/p>\n<p>\u00a9 Tiko, fotolia.com<br \/>\n\u00a9 Pixel_B, fotolia.com<br \/>\n\u00a9 sdecoret, fotolia.com<br \/>\n\u00a9 andranik 123, fotolia.com<\/p>\n<p>Quelle: Ausz\u00fcge von <a href=\"https:\/\/www.e-recht24.de\/\">www.e-recht24.de<\/a><\/p>\n<p>[\/et_pb_text][\/et_pb_column][\/et_pb_row][\/et_pb_section][et_pb_section bb_built=&#8221;1&#8243; _builder_version=&#8221;3.9&#8243; use_background_color_gradient=&#8221;on&#8221; background_color_gradient_start=&#8221;rgba(3,68,91,0.44)&#8221; background_color_gradient_end=&#8221;rgba(164,183,191,0)&#8221; background_color_gradient_direction=&#8221;273deg&#8221; background_position=&#8221;top_left&#8221; background_color=&#8221;rgba(162,187,193,0.4)&#8221; prev_background_color=&#8221;#ffffff&#8221; global_module=&#8221;27&#8243;][et_pb_row global_parent=&#8221;27&#8243; _builder_version=&#8221;3.9&#8243;][et_pb_column type=&#8221;1_2&#8243;][et_pb_text global_parent=&#8221;27&#8243; _builder_version=&#8221;3.9&#8243; text_font_size=&#8221;14px&#8221; custom_padding=&#8221;40px||40px|&#8221;]<\/p>\n<p><span id=\"result_box\" class=\"\" lang=\"en\">in cooperation without corporate law<br \/>\n\u2022 Berg &amp; Partner lawyers notaries<br \/>\n\u2022 Dipl.-Chem. Dr. <span class=\"\">Herrguth Patent attorney<\/span><\/span><\/p>\n<p>[\/et_pb_text][\/et_pb_column][et_pb_column type=&#8221;1_2&#8243;][\/et_pb_column][\/et_pb_row][\/et_pb_section]<\/p>\n","protected":false},"excerpt":{"rendered":"<p><div class=\"et_pb_row et_pb_row_0 et_pb_row_empty\">\n\t\t\t\t\n\t\t\t\t\n\t\t\t\t\n\t\t\t\t\n\t\t\t\t\n\t\t\t<\/div> Impressum PA Dipl.-Phys. Dr. Wieland Habenicht B\u00fcro M\u00fcnchen: Nymphenburger Str. 79 D-80636 M\u00fcnchen Tel. +49 (0) 89 \/ 13 01 01 8-0 Fax +49 (0) 89 \/ 13 01 01 8-29 info@pa-habenicht.de B\u00fcro Minden: Hahler Stra\u00dfe 20 D-32427 Minden Tel. +49 (0) 571 \/ 888 00-0 Fax +49 (0) 571 \/ 888 00-88 info@pa-habenicht.de [&hellip;]<\/p>\n","protected":false},"author":2,"featured_media":0,"parent":0,"menu_order":0,"comment_status":"closed","ping_status":"closed","template":"","meta":{"_et_pb_use_builder":"on","_et_pb_old_content":"","_et_gb_content_width":"","footnotes":""},"class_list":["post-84","page","type-page","status-publish","hentry"],"_links":{"self":[{"href":"https:\/\/stage.pa-habenicht.de\/en\/wp-json\/wp\/v2\/pages\/84","targetHints":{"allow":["GET"]}}],"collection":[{"href":"https:\/\/stage.pa-habenicht.de\/en\/wp-json\/wp\/v2\/pages"}],"about":[{"href":"https:\/\/stage.pa-habenicht.de\/en\/wp-json\/wp\/v2\/types\/page"}],"author":[{"embeddable":true,"href":"https:\/\/stage.pa-habenicht.de\/en\/wp-json\/wp\/v2\/users\/2"}],"replies":[{"embeddable":true,"href":"https:\/\/stage.pa-habenicht.de\/en\/wp-json\/wp\/v2\/comments?post=84"}],"version-history":[{"count":3,"href":"https:\/\/stage.pa-habenicht.de\/en\/wp-json\/wp\/v2\/pages\/84\/revisions"}],"predecessor-version":[{"id":194,"href":"https:\/\/stage.pa-habenicht.de\/en\/wp-json\/wp\/v2\/pages\/84\/revisions\/194"}],"wp:attachment":[{"href":"https:\/\/stage.pa-habenicht.de\/en\/wp-json\/wp\/v2\/media?parent=84"}],"curies":[{"name":"wp","href":"https:\/\/api.w.org\/{rel}","templated":true}]}}